{"id":1016,"date":"2025-05-24T17:10:45","date_gmt":"2025-05-24T22:10:45","guid":{"rendered":"https:\/\/musicalesperdomo.com.co\/?post_type=product&#038;p=1016"},"modified":"2025-05-24T18:09:27","modified_gmt":"2025-05-24T23:09:27","slug":"guacharaca-de-madera","status":"publish","type":"product","link":"https:\/\/musicalesperdomo.com.co\/index.php\/producto\/guacharaca-de-madera\/","title":{"rendered":"Guacharaca de Madera."},"content":{"rendered":"<p>Instrumento musical de percusi\u00f3n que se emplea principalmente en el vallenato. Se elabora com\u00fanmente con materiales como ca\u00f1a o lata.<\/p>\n","protected":false},"excerpt":{"rendered":"<p>Instrumento musical de percusi\u00f3n que se emplea principalmente en el vallenato. Se elabora com\u00fanmente con materiales como ca\u00f1a o lata.<\/p>\n","protected":false},"featured_media":989,"comment_status":"open","ping_status":"closed","template":"","meta":[],"product_brand":[],"product_cat":[45],"product_tag":[],"class_list":{"0":"post-1016","1":"product","2":"type-product","3":"status-publish","4":"has-post-thumbnail","6":"product_cat-percusion","8":"first","9":"instock","10":"shipping-taxable","11":"product-type-simple"},"_links":{"self":[{"href":"https:\/\/musicalesperdomo.com.co\/index.php\/wp-json\/wp\/v2\/product\/1016","targetHints":{"allow":["GET"]}}],"collection":[{"href":"https:\/\/musicalesperdomo.com.co\/index.php\/wp-json\/wp\/v2\/product"}],"about":[{"href":"https:\/\/musicalesperdomo.com.co\/index.php\/wp-json\/wp\/v2\/types\/product"}],"replies":[{"embeddable":true,"href":"https:\/\/musicalesperdomo.com.co\/index.php\/wp-json\/wp\/v2\/comments?post=1016"}],"wp:featuredmedia":[{"embeddable":true,"href":"https:\/\/musicalesperdomo.com.co\/index.php\/wp-json\/wp\/v2\/media\/989"}],"wp:attachment":[{"href":"https:\/\/musicalesperdomo.com.co\/index.php\/wp-json\/wp\/v2\/media?parent=1016"}],"wp:term":[{"taxonomy":"product_brand","embeddable":true,"href":"https:\/\/musicalesperdomo.com.co\/index.php\/wp-json\/wp\/v2\/product_brand?post=1016"},{"taxonomy":"product_cat","embeddable":true,"href":"https:\/\/musicalesperdomo.com.co\/index.php\/wp-json\/wp\/v2\/product_cat?post=1016"},{"taxonomy":"product_tag","embeddable":true,"href":"https:\/\/musicalesperdomo.com.co\/index.php\/wp-json\/wp\/v2\/product_tag?post=1016"}],"curies":[{"name":"wp","href":"https:\/\/api.w.org\/{rel}","templated":true}]}}