{"id":1316,"date":"2025-11-08T14:40:26","date_gmt":"2025-11-08T19:40:26","guid":{"rendered":"https:\/\/musicalesperdomo.com.co\/?post_type=product&#038;p=1316"},"modified":"2025-11-08T14:44:12","modified_gmt":"2025-11-08T19:44:12","slug":"la-bella-preferita","status":"publish","type":"product","link":"https:\/\/musicalesperdomo.com.co\/index.php\/producto\/la-bella-preferita\/","title":{"rendered":"La Bella Preferita."},"content":{"rendered":"","protected":false},"excerpt":{"rendered":"<ul>\n<li><span dir=\"auto\">Agudos de nailon transparente<\/span><\/li>\n<li><span dir=\"auto\">Bajos de aleaci\u00f3n de n\u00edquel-plata patentada de larga duraci\u00f3n<\/span><\/li>\n<li><span dir=\"auto\">Tono brillante; conserva la calidad tonal y la capacidad de respuesta durante m\u00e1s tiempo que las cuerdas plateadas.<\/span><\/li>\n<li><span dir=\"auto\">Tensi\u00f3n: Media<\/span><\/li>\n<li><span dir=\"auto\">Calibres de las cuerdas: Nylon transparente .028\u2033 .032\u2033 .040\u2033; Entorchado plateado .027\u2033 .033\u2033 .041\u2033<\/span><\/li>\n<li><span dir=\"auto\">Fabricado en EE. UU. con alambre estadounidense<\/span><\/li>\n<li><span dir=\"auto\">Envasado mediante tecnolog\u00eda MAP (envasado en atm\u00f3sfera modificada) para evitar el deterioro y garantizar su frescura.<\/span><br \/>\n<h1 class=\"ui-pdp-title\"><\/h1>\n<\/li>\n<\/ul>\n","protected":false},"featured_media":1314,"comment_status":"open","ping_status":"closed","template":"","meta":[],"product_brand":[],"product_cat":[65,56],"product_tag":[],"class_list":{"0":"post-1316","1":"product","2":"type-product","3":"status-publish","4":"has-post-thumbnail","6":"product_cat-encordados-accesorios","7":"product_cat-accesorios","9":"first","10":"instock","11":"shipping-taxable","12":"product-type-simple"},"_links":{"self":[{"href":"https:\/\/musicalesperdomo.com.co\/index.php\/wp-json\/wp\/v2\/product\/1316","targetHints":{"allow":["GET"]}}],"collection":[{"href":"https:\/\/musicalesperdomo.com.co\/index.php\/wp-json\/wp\/v2\/product"}],"about":[{"href":"https:\/\/musicalesperdomo.com.co\/index.php\/wp-json\/wp\/v2\/types\/product"}],"replies":[{"embeddable":true,"href":"https:\/\/musicalesperdomo.com.co\/index.php\/wp-json\/wp\/v2\/comments?post=1316"}],"wp:featuredmedia":[{"embeddable":true,"href":"https:\/\/musicalesperdomo.com.co\/index.php\/wp-json\/wp\/v2\/media\/1314"}],"wp:attachment":[{"href":"https:\/\/musicalesperdomo.com.co\/index.php\/wp-json\/wp\/v2\/media?parent=1316"}],"wp:term":[{"taxonomy":"product_brand","embeddable":true,"href":"https:\/\/musicalesperdomo.com.co\/index.php\/wp-json\/wp\/v2\/product_brand?post=1316"},{"taxonomy":"product_cat","embeddable":true,"href":"https:\/\/musicalesperdomo.com.co\/index.php\/wp-json\/wp\/v2\/product_cat?post=1316"},{"taxonomy":"product_tag","embeddable":true,"href":"https:\/\/musicalesperdomo.com.co\/index.php\/wp-json\/wp\/v2\/product_tag?post=1316"}],"curies":[{"name":"wp","href":"https:\/\/api.w.org\/{rel}","templated":true}]}}