{"id":1341,"date":"2025-11-08T17:34:56","date_gmt":"2025-11-08T22:34:56","guid":{"rendered":"https:\/\/musicalesperdomo.com.co\/?post_type=product&#038;p=1341"},"modified":"2025-11-08T17:34:56","modified_gmt":"2025-11-08T22:34:56","slug":"ernie-ball-earthwood-2008","status":"publish","type":"product","link":"https:\/\/musicalesperdomo.com.co\/index.php\/producto\/ernie-ball-earthwood-2008\/","title":{"rendered":"ERNIE BALL EARTHWOOD 2008"},"content":{"rendered":"","protected":false},"excerpt":{"rendered":"<p>Fabricadas de 80% de Bronce y 20% de Zinc envolviendo un n\u00facleo de acero. Las cuerdas de guitarra ac\u00fastica m\u00e1s populares y que te ofrecen un sonido brillante, cristalino y de agradables matices, El juego de Rock &amp; Blues se caracteriza por ser la 3\u00ba plana. Calibres .010, .013, .017, .030, .042, .052<\/p>\n","protected":false},"featured_media":1310,"comment_status":"open","ping_status":"closed","template":"","meta":[],"product_brand":[],"product_cat":[65,56],"product_tag":[],"class_list":{"0":"post-1341","1":"product","2":"type-product","3":"status-publish","4":"has-post-thumbnail","6":"product_cat-encordados-accesorios","7":"product_cat-accesorios","9":"first","10":"instock","11":"shipping-taxable","12":"product-type-simple"},"_links":{"self":[{"href":"https:\/\/musicalesperdomo.com.co\/index.php\/wp-json\/wp\/v2\/product\/1341","targetHints":{"allow":["GET"]}}],"collection":[{"href":"https:\/\/musicalesperdomo.com.co\/index.php\/wp-json\/wp\/v2\/product"}],"about":[{"href":"https:\/\/musicalesperdomo.com.co\/index.php\/wp-json\/wp\/v2\/types\/product"}],"replies":[{"embeddable":true,"href":"https:\/\/musicalesperdomo.com.co\/index.php\/wp-json\/wp\/v2\/comments?post=1341"}],"wp:featuredmedia":[{"embeddable":true,"href":"https:\/\/musicalesperdomo.com.co\/index.php\/wp-json\/wp\/v2\/media\/1310"}],"wp:attachment":[{"href":"https:\/\/musicalesperdomo.com.co\/index.php\/wp-json\/wp\/v2\/media?parent=1341"}],"wp:term":[{"taxonomy":"product_brand","embeddable":true,"href":"https:\/\/musicalesperdomo.com.co\/index.php\/wp-json\/wp\/v2\/product_brand?post=1341"},{"taxonomy":"product_cat","embeddable":true,"href":"https:\/\/musicalesperdomo.com.co\/index.php\/wp-json\/wp\/v2\/product_cat?post=1341"},{"taxonomy":"product_tag","embeddable":true,"href":"https:\/\/musicalesperdomo.com.co\/index.php\/wp-json\/wp\/v2\/product_tag?post=1341"}],"curies":[{"name":"wp","href":"https:\/\/api.w.org\/{rel}","templated":true}]}}