{"id":1386,"date":"2025-11-30T14:51:54","date_gmt":"2025-11-30T19:51:54","guid":{"rendered":"https:\/\/musicalesperdomo.com.co\/?post_type=product&#038;p=1386"},"modified":"2025-12-11T02:08:30","modified_gmt":"2025-12-11T07:08:30","slug":"bateria-acustica-h-hoffner","status":"publish","type":"product","link":"https:\/\/musicalesperdomo.com.co\/index.php\/producto\/bateria-acustica-h-hoffner\/","title":{"rendered":"Bater\u00eda Ac\u00fastica H. Hoffner"},"content":{"rendered":"","protected":false},"excerpt":{"rendered":"<p><strong>Caracter\u00edsticas:<\/strong><\/p>\n<ul>\n<li>Hit Hat (charles)<\/li>\n<li>\u00a0Caja (redoblante<\/li>\n<li>Tom izquierdo<\/li>\n<li>Tom derecho<\/li>\n<li>Tom de piso<\/li>\n<li>Bombo<\/li>\n<li>Base de plato y plato<\/li>\n<li>Silla<\/li>\n<li>Par de baquetas<\/li>\n<li>Llave de afinar<\/li>\n<\/ul>\n","protected":false},"featured_media":1385,"comment_status":"open","ping_status":"closed","template":"","meta":[],"product_brand":[],"product_cat":[67],"product_tag":[],"class_list":{"0":"post-1386","1":"product","2":"type-product","3":"status-publish","4":"has-post-thumbnail","6":"product_cat-baterias","8":"first","9":"instock","10":"shipping-taxable","11":"product-type-simple"},"_links":{"self":[{"href":"https:\/\/musicalesperdomo.com.co\/index.php\/wp-json\/wp\/v2\/product\/1386","targetHints":{"allow":["GET"]}}],"collection":[{"href":"https:\/\/musicalesperdomo.com.co\/index.php\/wp-json\/wp\/v2\/product"}],"about":[{"href":"https:\/\/musicalesperdomo.com.co\/index.php\/wp-json\/wp\/v2\/types\/product"}],"replies":[{"embeddable":true,"href":"https:\/\/musicalesperdomo.com.co\/index.php\/wp-json\/wp\/v2\/comments?post=1386"}],"wp:featuredmedia":[{"embeddable":true,"href":"https:\/\/musicalesperdomo.com.co\/index.php\/wp-json\/wp\/v2\/media\/1385"}],"wp:attachment":[{"href":"https:\/\/musicalesperdomo.com.co\/index.php\/wp-json\/wp\/v2\/media?parent=1386"}],"wp:term":[{"taxonomy":"product_brand","embeddable":true,"href":"https:\/\/musicalesperdomo.com.co\/index.php\/wp-json\/wp\/v2\/product_brand?post=1386"},{"taxonomy":"product_cat","embeddable":true,"href":"https:\/\/musicalesperdomo.com.co\/index.php\/wp-json\/wp\/v2\/product_cat?post=1386"},{"taxonomy":"product_tag","embeddable":true,"href":"https:\/\/musicalesperdomo.com.co\/index.php\/wp-json\/wp\/v2\/product_tag?post=1386"}],"curies":[{"name":"wp","href":"https:\/\/api.w.org\/{rel}","templated":true}]}}